{"id":196,"date":"2025-10-02T21:35:49","date_gmt":"2025-10-02T21:35:49","guid":{"rendered":"https:\/\/techpresshub.com.br\/front_page\/"},"modified":"2026-05-12T23:10:42","modified_gmt":"2026-05-12T23:10:42","slug":"inicio","status":"publish","type":"page","link":"https:\/\/techpresshub.com.br\/en\/","title":{"rendered":"In\u00edcio"},"content":{"rendered":"","protected":false},"excerpt":{"rendered":"","protected":false},"author":1,"featured_media":0,"parent":0,"menu_order":0,"comment_status":"closed","ping_status":"closed","template":"","meta":{"saved_in_kubio":true,"_monsterinsights_skip_tracking":false,"_monsterinsights_sitenote_active":false,"_monsterinsights_sitenote_note":"","_monsterinsights_sitenote_category":0,"footnotes":""},"class_list":["post-196","page","type-page","status-publish","hentry"],"kubio_ai_page_context":{"short_desc":"","purpose":"general","isFrontPage":true},"yoast_head":"<!-- This site is optimized with the Yoast SEO plugin v27.6 - https:\/\/yoast.com\/product\/yoast-seo-wordpress\/ -->\n<title>In\u00edcio -<\/title>\n<meta name=\"description\" content=\"Hub que une curadoria, intelig\u00eancia editorial e forma\u00e7\u00e3o para quem comunica ci\u00eancia e inova\u00e7\u00e3oAcesse iniciativas, oportunidades e conte\u00fados que fortalecem a atua\u00e7\u00e3o de comunicadores e profissionais da informa\u00e7\u00e3o.\" \/>\n<meta name=\"robots\" content=\"index, follow, max-snippet:-1, max-image-preview:large, max-video-preview:-1\" \/>\n<link rel=\"canonical\" href=\"https:\/\/techpresshub.com.br\/en\/\" \/>\n<meta property=\"og:locale\" content=\"en_US\" \/>\n<meta property=\"og:type\" content=\"article\" \/>\n<meta property=\"og:title\" content=\"In\u00edcio -\" \/>\n<meta property=\"og:description\" content=\"Hub que une curadoria, intelig\u00eancia editorial e forma\u00e7\u00e3o para quem comunica ci\u00eancia e inova\u00e7\u00e3oAcesse iniciativas, oportunidades e conte\u00fados que fortalecem a atua\u00e7\u00e3o de comunicadores e profissionais da informa\u00e7\u00e3o.\" \/>\n<meta property=\"og:url\" content=\"https:\/\/techpresshub.com.br\/en\/\" \/>\n<meta property=\"article:publisher\" content=\"https:\/\/www.instagram.com\/techpresshub\/\" \/>\n<meta property=\"article:modified_time\" content=\"2026-05-12T23:10:42+00:00\" \/>\n<meta name=\"twitter:card\" content=\"summary_large_image\" \/>\n<script type=\"application\/ld+json\" class=\"yoast-schema-graph\">{\"@context\":\"https:\\\/\\\/schema.org\",\"@graph\":[{\"@type\":\"WebPage\",\"@id\":\"https:\\\/\\\/techpresshub.com.br\\\/\",\"url\":\"https:\\\/\\\/techpresshub.com.br\\\/\",\"name\":\"In\u00edcio -\",\"isPartOf\":{\"@id\":\"https:\\\/\\\/techpresshub.com.br\\\/#website\"},\"datePublished\":\"2025-10-02T21:35:49+00:00\",\"dateModified\":\"2026-05-12T23:10:42+00:00\",\"description\":\"Hub que une curadoria, intelig\u00eancia editorial e forma\u00e7\u00e3o para quem comunica ci\u00eancia e inova\u00e7\u00e3oAcesse iniciativas, oportunidades e conte\u00fados que fortalecem a atua\u00e7\u00e3o de comunicadores e profissionais da informa\u00e7\u00e3o.\",\"breadcrumb\":{\"@id\":\"https:\\\/\\\/techpresshub.com.br\\\/#breadcrumb\"},\"inLanguage\":\"en-US\",\"potentialAction\":[{\"@type\":\"ReadAction\",\"target\":[\"https:\\\/\\\/techpresshub.com.br\\\/\"]}]},{\"@type\":\"BreadcrumbList\",\"@id\":\"https:\\\/\\\/techpresshub.com.br\\\/#breadcrumb\",\"itemListElement\":[{\"@type\":\"ListItem\",\"position\":1,\"name\":\"In\u00edcio\",\"item\":\"https:\\\/\\\/techpresshub.com.br\\\/\"},{\"@type\":\"ListItem\",\"position\":2,\"name\":\"In\u00edcio\"}]},{\"@type\":\"WebSite\",\"@id\":\"https:\\\/\\\/techpresshub.com.br\\\/#website\",\"url\":\"https:\\\/\\\/techpresshub.com.br\\\/\",\"name\":\"TechPress Hub\",\"description\":\"Hub de curadoria e intelig\u00eancia editorial\",\"publisher\":{\"@id\":\"https:\\\/\\\/techpresshub.com.br\\\/#organization\"},\"potentialAction\":[{\"@type\":\"SearchAction\",\"target\":{\"@type\":\"EntryPoint\",\"urlTemplate\":\"https:\\\/\\\/techpresshub.com.br\\\/?s={search_term_string}\"},\"query-input\":{\"@type\":\"PropertyValueSpecification\",\"valueRequired\":true,\"valueName\":\"search_term_string\"}}],\"inLanguage\":\"en-US\"},{\"@type\":\"Organization\",\"@id\":\"https:\\\/\\\/techpresshub.com.br\\\/#organization\",\"name\":\"TechPress Hub\",\"url\":\"https:\\\/\\\/techpresshub.com.br\\\/\",\"logo\":{\"@type\":\"ImageObject\",\"inLanguage\":\"en-US\",\"@id\":\"https:\\\/\\\/techpresshub.com.br\\\/#\\\/schema\\\/logo\\\/image\\\/\",\"url\":\"https:\\\/\\\/techpresshub.com.br\\\/wp-content\\\/uploads\\\/2025\\\/10\\\/Logo_TechPressHub_Redes_Sociais_.png\",\"contentUrl\":\"https:\\\/\\\/techpresshub.com.br\\\/wp-content\\\/uploads\\\/2025\\\/10\\\/Logo_TechPressHub_Redes_Sociais_.png\",\"width\":500,\"height\":500,\"caption\":\"TechPress Hub\"},\"image\":{\"@id\":\"https:\\\/\\\/techpresshub.com.br\\\/#\\\/schema\\\/logo\\\/image\\\/\"},\"sameAs\":[\"https:\\\/\\\/www.instagram.com\\\/techpresshub\\\/\",\"https:\\\/\\\/www.youtube.com\\\/@techpresshub1\",\"https:\\\/\\\/www.linkedin.com\\\/company\\\/techpress-hub\\\/\"]}]}<\/script>\n<!-- \/ Yoast SEO plugin. -->","yoast_head_json":{"title":"In\u00edcio -","description":"Hub que une curadoria, intelig\u00eancia editorial e forma\u00e7\u00e3o para quem comunica ci\u00eancia e inova\u00e7\u00e3oAcesse iniciativas, oportunidades e conte\u00fados que fortalecem a atua\u00e7\u00e3o de comunicadores e profissionais da informa\u00e7\u00e3o.","robots":{"index":"index","follow":"follow","max-snippet":"max-snippet:-1","max-image-preview":"max-image-preview:large","max-video-preview":"max-video-preview:-1"},"canonical":"https:\/\/techpresshub.com.br\/en\/","og_locale":"en_US","og_type":"article","og_title":"In\u00edcio -","og_description":"Hub que une curadoria, intelig\u00eancia editorial e forma\u00e7\u00e3o para quem comunica ci\u00eancia e inova\u00e7\u00e3oAcesse iniciativas, oportunidades e conte\u00fados que fortalecem a atua\u00e7\u00e3o de comunicadores e profissionais da informa\u00e7\u00e3o.","og_url":"https:\/\/techpresshub.com.br\/en\/","article_publisher":"https:\/\/www.instagram.com\/techpresshub\/","article_modified_time":"2026-05-12T23:10:42+00:00","twitter_card":"summary_large_image","schema":{"@context":"https:\/\/schema.org","@graph":[{"@type":"WebPage","@id":"https:\/\/techpresshub.com.br\/","url":"https:\/\/techpresshub.com.br\/","name":"In\u00edcio -","isPartOf":{"@id":"https:\/\/techpresshub.com.br\/#website"},"datePublished":"2025-10-02T21:35:49+00:00","dateModified":"2026-05-12T23:10:42+00:00","description":"Hub que une curadoria, intelig\u00eancia editorial e forma\u00e7\u00e3o para quem comunica ci\u00eancia e inova\u00e7\u00e3oAcesse iniciativas, oportunidades e conte\u00fados que fortalecem a atua\u00e7\u00e3o de comunicadores e profissionais da informa\u00e7\u00e3o.","breadcrumb":{"@id":"https:\/\/techpresshub.com.br\/#breadcrumb"},"inLanguage":"en-US","potentialAction":[{"@type":"ReadAction","target":["https:\/\/techpresshub.com.br\/"]}]},{"@type":"BreadcrumbList","@id":"https:\/\/techpresshub.com.br\/#breadcrumb","itemListElement":[{"@type":"ListItem","position":1,"name":"In\u00edcio","item":"https:\/\/techpresshub.com.br\/"},{"@type":"ListItem","position":2,"name":"In\u00edcio"}]},{"@type":"WebSite","@id":"https:\/\/techpresshub.com.br\/#website","url":"https:\/\/techpresshub.com.br\/","name":"TechPress Hub","description":"Hub de curadoria e intelig\u00eancia editorial","publisher":{"@id":"https:\/\/techpresshub.com.br\/#organization"},"potentialAction":[{"@type":"SearchAction","target":{"@type":"EntryPoint","urlTemplate":"https:\/\/techpresshub.com.br\/?s={search_term_string}"},"query-input":{"@type":"PropertyValueSpecification","valueRequired":true,"valueName":"search_term_string"}}],"inLanguage":"en-US"},{"@type":"Organization","@id":"https:\/\/techpresshub.com.br\/#organization","name":"TechPress Hub","url":"https:\/\/techpresshub.com.br\/","logo":{"@type":"ImageObject","inLanguage":"en-US","@id":"https:\/\/techpresshub.com.br\/#\/schema\/logo\/image\/","url":"https:\/\/techpresshub.com.br\/wp-content\/uploads\/2025\/10\/Logo_TechPressHub_Redes_Sociais_.png","contentUrl":"https:\/\/techpresshub.com.br\/wp-content\/uploads\/2025\/10\/Logo_TechPressHub_Redes_Sociais_.png","width":500,"height":500,"caption":"TechPress Hub"},"image":{"@id":"https:\/\/techpresshub.com.br\/#\/schema\/logo\/image\/"},"sameAs":["https:\/\/www.instagram.com\/techpresshub\/","https:\/\/www.youtube.com\/@techpresshub1","https:\/\/www.linkedin.com\/company\/techpress-hub\/"]}]}},"_links":{"self":[{"href":"https:\/\/techpresshub.com.br\/en\/wp-json\/wp\/v2\/pages\/196","targetHints":{"allow":["GET"]}}],"collection":[{"href":"https:\/\/techpresshub.com.br\/en\/wp-json\/wp\/v2\/pages"}],"about":[{"href":"https:\/\/techpresshub.com.br\/en\/wp-json\/wp\/v2\/types\/page"}],"author":[{"embeddable":true,"href":"https:\/\/techpresshub.com.br\/en\/wp-json\/wp\/v2\/users\/1"}],"replies":[{"embeddable":true,"href":"https:\/\/techpresshub.com.br\/en\/wp-json\/wp\/v2\/comments?post=196"}],"version-history":[{"count":56,"href":"https:\/\/techpresshub.com.br\/en\/wp-json\/wp\/v2\/pages\/196\/revisions"}],"predecessor-version":[{"id":762,"href":"https:\/\/techpresshub.com.br\/en\/wp-json\/wp\/v2\/pages\/196\/revisions\/762"}],"wp:attachment":[{"href":"https:\/\/techpresshub.com.br\/en\/wp-json\/wp\/v2\/media?parent=196"}],"curies":[{"name":"wp","href":"https:\/\/api.w.org\/{rel}","templated":true}]}}