{"id":12,"date":"2025-09-19T17:26:55","date_gmt":"2025-09-19T17:26:55","guid":{"rendered":"https:\/\/techpresshub.com.br\/contato\/"},"modified":"2026-02-01T22:13:25","modified_gmt":"2026-02-01T22:13:25","slug":"contato","status":"publish","type":"page","link":"https:\/\/techpresshub.com.br\/en\/contato\/","title":{"rendered":"Contato"},"content":{"rendered":"\n<div class=\"wp-block-group alignwide has-background-background-color has-background\" style=\"margin-top:0;margin-bottom:0;padding-top:var(--wp--preset--spacing--60);padding-bottom:var(--wp--preset--spacing--60)\"><div class=\"wp-block-group__inner-container is-layout-constrained wp-block-group-is-layout-constrained\">\n<div class=\"wp-block-columns alignwide is-layout-flex wp-container-core-columns-is-layout-08c01c1c wp-block-columns-is-layout-flex\">\n<div class=\"wp-block-column is-layout-flow wp-block-column-is-layout-flow\" style=\"flex-basis:40%\">\n<h3 class=\"wp-block-heading has-large-font-size\">Conecte-se \u00e0 TechPress Hub<\/h3>\n\n\n\n<p style=\"margin-top:16px\">A TechPress Hub \u00e9 um&nbsp;<strong>hub de comunicadores de ci\u00eancia e tecnologia<\/strong>, criado para fortalecer narrativas qualificadas sobre pesquisa, inova\u00e7\u00e3o e impacto.<\/p>\n\n\n\n<p>Conectamos&nbsp;<strong>jornalistas, comunicadores, pesquisadores e criadores de conte\u00fado<\/strong>&nbsp;a&nbsp;<strong>institui\u00e7\u00f5es, iniciativas e ecossistemas de inova\u00e7\u00e3o<\/strong>, por meio de curadoria editorial, produ\u00e7\u00e3o de conte\u00fado e conex\u00f5es estrat\u00e9gicas.<\/p>\n\n\n\n<p style=\"margin-top:16px\">Se voc\u00ea quer&nbsp;<strong>integrar a rede<\/strong>, propor uma pauta, desenvolver uma parceria ou explorar possibilidades de colabora\u00e7\u00e3o, fale com a gente.<br>Preencha o formul\u00e1rio ou escreva para&nbsp;<strong><a>parcerias@techpresshub.com.br<\/a><\/strong><\/p>\n<\/div>\n\n\n\n<div class=\"wp-block-column is-layout-flow wp-block-column-is-layout-flow\">\n<div class=\"wp-block-group\" style=\"border-width:1px;padding-top:var(--wp--preset--spacing--40);padding-right:var(--wp--preset--spacing--40);padding-bottom:var(--wp--preset--spacing--40);padding-left:var(--wp--preset--spacing--40)\"><div class=\"wp-block-group__inner-container is-layout-constrained wp-container-core-group-is-layout-52009084 wp-block-group-is-layout-constrained\"><style id=\"wpforms-css-vars-9-block-406c62bf-d413-4f54-9e34-6ea96a36e1dd\">\n\t\t\t\t#wpforms-9.wpforms-block-406c62bf-d413-4f54-9e34-6ea96a36e1dd {\n\t\t\t\t--wpforms-field-size-input-height: 43px;\n--wpforms-field-size-input-spacing: 15px;\n--wpforms-field-size-font-size: 16px;\n--wpforms-field-size-line-height: 19px;\n--wpforms-field-size-padding-h: 14px;\n--wpforms-field-size-checkbox-size: 16px;\n--wpforms-field-size-sublabel-spacing: 5px;\n--wpforms-field-size-icon-size: 1;\n--wpforms-label-size-font-size: 16px;\n--wpforms-label-size-line-height: 19px;\n--wpforms-label-size-sublabel-font-size: 14px;\n--wpforms-label-size-sublabel-line-height: 17px;\n--wpforms-button-size-font-size: 17px;\n--wpforms-button-size-height: 41px;\n--wpforms-button-size-padding-h: 15px;\n--wpforms-button-size-margin-top: 10px;\n\t\t\t}\n\t\t\t<\/style><div class=\"wpforms-container wpforms-container-full wpforms-block wpforms-block-406c62bf-d413-4f54-9e34-6ea96a36e1dd wpforms-render-modern\" id=\"wpforms-9\"><form id=\"wpforms-form-9\" class=\"wpforms-validate wpforms-form wpforms-ajax-form\" data-formid=\"9\" method=\"post\" enctype=\"multipart\/form-data\" action=\"\/en\/wp-json\/wp\/v2\/pages\/12\" data-token=\"5face3e7fe92e9fffff4efface45e93d\" data-token-time=\"1778776856\"><noscript class=\"wpforms-error-noscript\">Please enable JavaScript in your browser to complete this form.<\/noscript><div id=\"wpforms-error-noscript\" style=\"display: none;\">Please enable JavaScript in your browser to complete this form.<\/div><div class=\"wpforms-field-container\"><div id=\"wpforms-9-field_1-container\" class=\"wpforms-field wpforms-field-name\" data-field-id=\"1\"><label class=\"wpforms-field-label\" for=\"wpforms-9-field_1\">Nome <span class=\"wpforms-required-label\" aria-hidden=\"true\">*<\/span><\/label><input type=\"text\" id=\"wpforms-9-field_1\" class=\"wpforms-field-large wpforms-field-required\" name=\"wpforms[fields][1]\" aria-errormessage=\"wpforms-9-field_1-error\" required><\/div>\t\t<div id=\"wpforms-9-field_5-container\"\n\t\t\tclass=\"wpforms-field wpforms-field-text\"\n\t\t\tdata-field-type=\"text\"\n\t\t\tdata-field-id=\"5\"\n\t\t\t>\n\t\t\t<label class=\"wpforms-field-label\" for=\"wpforms-9-field_5\" >Nome E-mail Assunto<\/label>\n\t\t\t<input type=\"text\" id=\"wpforms-9-field_5\" class=\"wpforms-field-medium\" name=\"wpforms[fields][5]\" >\n\t\t<\/div>\n\t\t<div id=\"wpforms-9-field_2-container\" class=\"wpforms-field wpforms-field-email\" data-field-id=\"2\"><label class=\"wpforms-field-label\" for=\"wpforms-9-field_2\">E-mail <span class=\"wpforms-required-label\" aria-hidden=\"true\">*<\/span><\/label><input type=\"email\" id=\"wpforms-9-field_2\" class=\"wpforms-field-large wpforms-field-required\" name=\"wpforms[fields][2]\" spellcheck=\"false\" aria-errormessage=\"wpforms-9-field_2-error\" required><\/div><div id=\"wpforms-9-field_3-container\" class=\"wpforms-field wpforms-field-text\" data-field-id=\"3\"><label class=\"wpforms-field-label\" for=\"wpforms-9-field_3\">Assunto<\/label><input type=\"text\" id=\"wpforms-9-field_3\" class=\"wpforms-field-large\" name=\"wpforms[fields][3]\" aria-errormessage=\"wpforms-9-field_3-error\" ><\/div><div id=\"wpforms-9-field_4-container\" class=\"wpforms-field wpforms-field-textarea\" data-field-id=\"4\"><label class=\"wpforms-field-label\" for=\"wpforms-9-field_4\">Mensagem <span class=\"wpforms-required-label\" aria-hidden=\"true\">*<\/span><\/label><textarea id=\"wpforms-9-field_4\" class=\"wpforms-field-large wpforms-field-required\" name=\"wpforms[fields][4]\" aria-errormessage=\"wpforms-9-field_4-error\" required><\/textarea><\/div><script>\n\t\t\t\t( function() {\n\t\t\t\t\tconst style = document.createElement( 'style' );\n\t\t\t\t\tstyle.appendChild( document.createTextNode( '#wpforms-9-field_5-container { position: absolute !important; overflow: hidden !important; display: inline !important; height: 1px !important; width: 1px !important; z-index: -1000 !important; padding: 0 !important; } #wpforms-9-field_5-container input { visibility: hidden; } #wpforms-conversational-form-page #wpforms-9-field_5-container label { counter-increment: none; }' ) );\n\t\t\t\t\tdocument.head.appendChild( style );\n\t\t\t\t\tdocument.currentScript?.remove();\n\t\t\t\t} )();\n\t\t\t<\/script><\/div><!-- .wpforms-field-container --><div class=\"wpforms-submit-container\" ><input type=\"hidden\" name=\"wpforms[id]\" value=\"9\"><input type=\"hidden\" name=\"page_title\" value=\"\"><input type=\"hidden\" name=\"page_url\" value=\"https:\/\/techpresshub.com.br\/en\/wp-json\/wp\/v2\/pages\/12\"><input type=\"hidden\" name=\"url_referer\" value=\"\"><button type=\"submit\" name=\"wpforms[submit]\" id=\"wpforms-submit-9\" class=\"wpforms-submit\" data-alt-text=\"Enviando\u2026\" data-submit-text=\"Enviar\" aria-live=\"assertive\" value=\"wpforms-submit\">Enviar<\/button><img loading=\"lazy\" decoding=\"async\" src=\"https:\/\/techpresshub.com.br\/wp-content\/plugins\/wpforms-lite\/assets\/images\/submit-spin.svg\" class=\"wpforms-submit-spinner\" style=\"display: none;\" width=\"26\" height=\"26\" alt=\"Loading\"><\/div><\/form><\/div>  <!-- .wpforms-container --><\/div><\/div>\n<\/div>\n<\/div>\n<\/div><\/div>\n","protected":false},"excerpt":{"rendered":"<p>Conecte-se \u00e0 TechPress Hub A TechPress Hub \u00e9 um&nbsp;hub de comunicadores de ci\u00eancia e tecnologia, criado para fortalecer narrativas qualificadas sobre pesquisa, inova\u00e7\u00e3o e impacto. Conectamos&nbsp;jornalistas, comunicadores, pesquisadores e criadores de conte\u00fado&nbsp;a&nbsp;institui\u00e7\u00f5es, iniciativas e ecossistemas de inova\u00e7\u00e3o, por meio de curadoria editorial, produ\u00e7\u00e3o de conte\u00fado e conex\u00f5es estrat\u00e9gicas. Se voc\u00ea quer&nbsp;integrar a rede, propor uma [&hellip;]<\/p>\n","protected":false},"author":1,"featured_media":0,"parent":0,"menu_order":0,"comment_status":"closed","ping_status":"closed","template":"","meta":{"saved_in_kubio":true,"_monsterinsights_skip_tracking":false,"_monsterinsights_sitenote_active":false,"_monsterinsights_sitenote_note":"","_monsterinsights_sitenote_category":0,"footnotes":""},"class_list":["post-12","page","type-page","status-publish","hentry"],"kubio_ai_page_context":{"short_desc":"","purpose":"general"},"yoast_head":"<!-- This site is optimized with the Yoast SEO plugin v27.6 - https:\/\/yoast.com\/product\/yoast-seo-wordpress\/ -->\n<title>Contato -<\/title>\n<meta name=\"description\" content=\"Se voc\u00ea \u00e9 comunicador, jornalista ou criador de conte\u00fado, estamos prontos para ouvir e trocar ideias. Tamb\u00e9m atendemos startups e institui\u00e7\u00f5es que desejam visibilidade estrat\u00e9gica no ecossistema de ci\u00eancia e inova\u00e7\u00e3o.\" \/>\n<meta name=\"robots\" content=\"index, follow, max-snippet:-1, max-image-preview:large, max-video-preview:-1\" \/>\n<link rel=\"canonical\" href=\"https:\/\/techpresshub.com.br\/en\/contato\/\" \/>\n<meta property=\"og:locale\" content=\"en_US\" \/>\n<meta property=\"og:type\" content=\"article\" \/>\n<meta property=\"og:title\" content=\"Contato -\" \/>\n<meta property=\"og:description\" content=\"Se voc\u00ea \u00e9 comunicador, jornalista ou criador de conte\u00fado, estamos prontos para ouvir e trocar ideias. Tamb\u00e9m atendemos startups e institui\u00e7\u00f5es que desejam visibilidade estrat\u00e9gica no ecossistema de ci\u00eancia e inova\u00e7\u00e3o.\" \/>\n<meta property=\"og:url\" content=\"https:\/\/techpresshub.com.br\/en\/contato\/\" \/>\n<meta property=\"article:publisher\" content=\"https:\/\/www.instagram.com\/techpresshub\/\" \/>\n<meta property=\"article:modified_time\" content=\"2026-02-01T22:13:25+00:00\" \/>\n<meta name=\"twitter:card\" content=\"summary_large_image\" \/>\n<script type=\"application\/ld+json\" class=\"yoast-schema-graph\">{\"@context\":\"https:\\\/\\\/schema.org\",\"@graph\":[{\"@type\":\"WebPage\",\"@id\":\"https:\\\/\\\/techpresshub.com.br\\\/contato\\\/\",\"url\":\"https:\\\/\\\/techpresshub.com.br\\\/contato\\\/\",\"name\":\"Contato -\",\"isPartOf\":{\"@id\":\"https:\\\/\\\/techpresshub.com.br\\\/#website\"},\"datePublished\":\"2025-09-19T17:26:55+00:00\",\"dateModified\":\"2026-02-01T22:13:25+00:00\",\"description\":\"Se voc\u00ea \u00e9 comunicador, jornalista ou criador de conte\u00fado, estamos prontos para ouvir e trocar ideias. Tamb\u00e9m atendemos startups e institui\u00e7\u00f5es que desejam visibilidade estrat\u00e9gica no ecossistema de ci\u00eancia e inova\u00e7\u00e3o.\",\"breadcrumb\":{\"@id\":\"https:\\\/\\\/techpresshub.com.br\\\/contato\\\/#breadcrumb\"},\"inLanguage\":\"en-US\",\"potentialAction\":[{\"@type\":\"ReadAction\",\"target\":[\"https:\\\/\\\/techpresshub.com.br\\\/contato\\\/\"]}]},{\"@type\":\"BreadcrumbList\",\"@id\":\"https:\\\/\\\/techpresshub.com.br\\\/contato\\\/#breadcrumb\",\"itemListElement\":[{\"@type\":\"ListItem\",\"position\":1,\"name\":\"In\u00edcio\",\"item\":\"https:\\\/\\\/techpresshub.com.br\\\/\"},{\"@type\":\"ListItem\",\"position\":2,\"name\":\"Contato\"}]},{\"@type\":\"WebSite\",\"@id\":\"https:\\\/\\\/techpresshub.com.br\\\/#website\",\"url\":\"https:\\\/\\\/techpresshub.com.br\\\/\",\"name\":\"TechPress Hub\",\"description\":\"Hub de curadoria e intelig\u00eancia editorial\",\"publisher\":{\"@id\":\"https:\\\/\\\/techpresshub.com.br\\\/#organization\"},\"potentialAction\":[{\"@type\":\"SearchAction\",\"target\":{\"@type\":\"EntryPoint\",\"urlTemplate\":\"https:\\\/\\\/techpresshub.com.br\\\/?s={search_term_string}\"},\"query-input\":{\"@type\":\"PropertyValueSpecification\",\"valueRequired\":true,\"valueName\":\"search_term_string\"}}],\"inLanguage\":\"en-US\"},{\"@type\":\"Organization\",\"@id\":\"https:\\\/\\\/techpresshub.com.br\\\/#organization\",\"name\":\"TechPress Hub\",\"url\":\"https:\\\/\\\/techpresshub.com.br\\\/\",\"logo\":{\"@type\":\"ImageObject\",\"inLanguage\":\"en-US\",\"@id\":\"https:\\\/\\\/techpresshub.com.br\\\/#\\\/schema\\\/logo\\\/image\\\/\",\"url\":\"https:\\\/\\\/techpresshub.com.br\\\/wp-content\\\/uploads\\\/2025\\\/10\\\/Logo_TechPressHub_Redes_Sociais_.png\",\"contentUrl\":\"https:\\\/\\\/techpresshub.com.br\\\/wp-content\\\/uploads\\\/2025\\\/10\\\/Logo_TechPressHub_Redes_Sociais_.png\",\"width\":500,\"height\":500,\"caption\":\"TechPress Hub\"},\"image\":{\"@id\":\"https:\\\/\\\/techpresshub.com.br\\\/#\\\/schema\\\/logo\\\/image\\\/\"},\"sameAs\":[\"https:\\\/\\\/www.instagram.com\\\/techpresshub\\\/\",\"https:\\\/\\\/www.youtube.com\\\/@techpresshub1\",\"https:\\\/\\\/www.linkedin.com\\\/company\\\/techpress-hub\\\/\"]}]}<\/script>\n<!-- \/ Yoast SEO plugin. -->","yoast_head_json":{"title":"Contato -","description":"Se voc\u00ea \u00e9 comunicador, jornalista ou criador de conte\u00fado, estamos prontos para ouvir e trocar ideias. Tamb\u00e9m atendemos startups e institui\u00e7\u00f5es que desejam visibilidade estrat\u00e9gica no ecossistema de ci\u00eancia e inova\u00e7\u00e3o.","robots":{"index":"index","follow":"follow","max-snippet":"max-snippet:-1","max-image-preview":"max-image-preview:large","max-video-preview":"max-video-preview:-1"},"canonical":"https:\/\/techpresshub.com.br\/en\/contato\/","og_locale":"en_US","og_type":"article","og_title":"Contato -","og_description":"Se voc\u00ea \u00e9 comunicador, jornalista ou criador de conte\u00fado, estamos prontos para ouvir e trocar ideias. Tamb\u00e9m atendemos startups e institui\u00e7\u00f5es que desejam visibilidade estrat\u00e9gica no ecossistema de ci\u00eancia e inova\u00e7\u00e3o.","og_url":"https:\/\/techpresshub.com.br\/en\/contato\/","article_publisher":"https:\/\/www.instagram.com\/techpresshub\/","article_modified_time":"2026-02-01T22:13:25+00:00","twitter_card":"summary_large_image","schema":{"@context":"https:\/\/schema.org","@graph":[{"@type":"WebPage","@id":"https:\/\/techpresshub.com.br\/contato\/","url":"https:\/\/techpresshub.com.br\/contato\/","name":"Contato -","isPartOf":{"@id":"https:\/\/techpresshub.com.br\/#website"},"datePublished":"2025-09-19T17:26:55+00:00","dateModified":"2026-02-01T22:13:25+00:00","description":"Se voc\u00ea \u00e9 comunicador, jornalista ou criador de conte\u00fado, estamos prontos para ouvir e trocar ideias. Tamb\u00e9m atendemos startups e institui\u00e7\u00f5es que desejam visibilidade estrat\u00e9gica no ecossistema de ci\u00eancia e inova\u00e7\u00e3o.","breadcrumb":{"@id":"https:\/\/techpresshub.com.br\/contato\/#breadcrumb"},"inLanguage":"en-US","potentialAction":[{"@type":"ReadAction","target":["https:\/\/techpresshub.com.br\/contato\/"]}]},{"@type":"BreadcrumbList","@id":"https:\/\/techpresshub.com.br\/contato\/#breadcrumb","itemListElement":[{"@type":"ListItem","position":1,"name":"In\u00edcio","item":"https:\/\/techpresshub.com.br\/"},{"@type":"ListItem","position":2,"name":"Contato"}]},{"@type":"WebSite","@id":"https:\/\/techpresshub.com.br\/#website","url":"https:\/\/techpresshub.com.br\/","name":"TechPress Hub","description":"Hub de curadoria e intelig\u00eancia editorial","publisher":{"@id":"https:\/\/techpresshub.com.br\/#organization"},"potentialAction":[{"@type":"SearchAction","target":{"@type":"EntryPoint","urlTemplate":"https:\/\/techpresshub.com.br\/?s={search_term_string}"},"query-input":{"@type":"PropertyValueSpecification","valueRequired":true,"valueName":"search_term_string"}}],"inLanguage":"en-US"},{"@type":"Organization","@id":"https:\/\/techpresshub.com.br\/#organization","name":"TechPress Hub","url":"https:\/\/techpresshub.com.br\/","logo":{"@type":"ImageObject","inLanguage":"en-US","@id":"https:\/\/techpresshub.com.br\/#\/schema\/logo\/image\/","url":"https:\/\/techpresshub.com.br\/wp-content\/uploads\/2025\/10\/Logo_TechPressHub_Redes_Sociais_.png","contentUrl":"https:\/\/techpresshub.com.br\/wp-content\/uploads\/2025\/10\/Logo_TechPressHub_Redes_Sociais_.png","width":500,"height":500,"caption":"TechPress Hub"},"image":{"@id":"https:\/\/techpresshub.com.br\/#\/schema\/logo\/image\/"},"sameAs":["https:\/\/www.instagram.com\/techpresshub\/","https:\/\/www.youtube.com\/@techpresshub1","https:\/\/www.linkedin.com\/company\/techpress-hub\/"]}]}},"_links":{"self":[{"href":"https:\/\/techpresshub.com.br\/en\/wp-json\/wp\/v2\/pages\/12","targetHints":{"allow":["GET"]}}],"collection":[{"href":"https:\/\/techpresshub.com.br\/en\/wp-json\/wp\/v2\/pages"}],"about":[{"href":"https:\/\/techpresshub.com.br\/en\/wp-json\/wp\/v2\/types\/page"}],"author":[{"embeddable":true,"href":"https:\/\/techpresshub.com.br\/en\/wp-json\/wp\/v2\/users\/1"}],"replies":[{"embeddable":true,"href":"https:\/\/techpresshub.com.br\/en\/wp-json\/wp\/v2\/comments?post=12"}],"version-history":[{"count":13,"href":"https:\/\/techpresshub.com.br\/en\/wp-json\/wp\/v2\/pages\/12\/revisions"}],"predecessor-version":[{"id":705,"href":"https:\/\/techpresshub.com.br\/en\/wp-json\/wp\/v2\/pages\/12\/revisions\/705"}],"wp:attachment":[{"href":"https:\/\/techpresshub.com.br\/en\/wp-json\/wp\/v2\/media?parent=12"}],"curies":[{"name":"wp","href":"https:\/\/api.w.org\/{rel}","templated":true}]}}